{"id":4730,"date":"2018-12-19T13:36:03","date_gmt":"2018-12-19T13:36:03","guid":{"rendered":"http:\/\/intropack.vwebdev.nl\/en\/?post_type=product&#038;p=4730"},"modified":"2018-12-19T13:42:47","modified_gmt":"2018-12-19T13:42:47","slug":"4730","status":"publish","type":"product","link":"https:\/\/intropack.vwebdev.nl\/en\/product\/4730\/","title":{"rendered":"IMH baca feeder 400"},"content":{"rendered":"<div class=\"source-footer-wrap source-or-target-footer\">\n<div id=\"gt-input-tool\" class=\"source-input-tools\">\n<table style=\"height: 139px;\" border=\"0\" width=\"663\" cellspacing=\"1\" cellpadding=\"1\">\n<tbody>\n<tr>\n<td>IMH baca feeder 400<\/td>\n<td><\/td>\n<\/tr>\n<tr>\n<td>MERK:<\/td>\n<td>IMH<\/td>\n<\/tr>\n<tr>\n<td>CATEGORIE:<\/td>\n<td>Zak \/ dozen separeer machine<\/td>\n<\/tr>\n<tr>\n<td>VOEDING:<\/td>\n<td>\u00a0230\/ 50Hz<\/td>\n<\/tr>\n<tr>\n<td>AFMETINGEN:<\/td>\n<td>\u00a02.200 x 500 x 950 mm\u00a0 (LxBxH)<\/td>\n<\/tr>\n<tr>\n<td>CAPACITEIT:<\/td>\n<td>Max. ca. 100 p\/Min. (afhankelijk van de zak)<\/td>\n<\/tr>\n<\/tbody>\n<\/table>\n<\/div>\n<div class=\"character-count tlid-character-count\"><\/div>\n<\/div>\n<p>Details:<\/p>\n<p>Machine is opgebouwd uit RVS materiaal, compacte uitvoering en eenvoudig te bedienen. De verstelbare toevoer magazijn is eenvoudig op de zak af te stellen. Als de zakken in het magazijn geplaatst zijn, zal de Baca feeder ze \u00e9\u00e9n voor \u00e9\u00e9n uit het magazijn nemen en ze met tussen ruimte over de transportband transporteren.<\/p>\n<div class=\"result-header\">\n<p>Een Jet printer (Optie) of een etiketteermachine (optie) zal de zakken voorzien van een print of een etiket.<\/p>\n<\/div>\n<div class=\"result-header\"><\/div>\n<div class=\"result-header\"><span title=\"\">Features:<\/span><br \/>\n<span title=\"\">-Werk hoogte: 750 mm tot 850 mm<\/span><br \/>\n<span class=\"\" title=\"\">-Max. zak breedte: 4000 mm. Min.: 100 mm<br \/>\n<\/span><span class=\"\" title=\"\">-Max. zak lengte: 400 mm. Min.: 120 mm.<\/span><\/div>\n<div class=\"result-header\"><\/div>\n<p><iframe title=\"Baca feeder 200\" width=\"1140\" height=\"641\" src=\"https:\/\/www.youtube.com\/embed\/AH8oDrguHpA?feature=oembed\" frameborder=\"0\" allow=\"accelerometer; autoplay; clipboard-write; encrypted-media; gyroscope; picture-in-picture; web-share\" referrerpolicy=\"strict-origin-when-cross-origin\" allowfullscreen><\/iframe><\/p>\n<p>Baca feeder 200 met etiketteer machine<\/p>\n","protected":false},"excerpt":{"rendered":"<p>IMH baca feeder 400 MERK: IMH CATEGORIE: Zak \/ dozen separeer machine VOEDING: \u00a0230\/ 50Hz AFMETINGEN: \u00a02.200 x 500 x 950 mm\u00a0 (LxBxH) CAPACITEIT: Max. ca. 100 p\/Min. (afhankelijk van de zak) Details: Machine is opgebouwd uit RVS materiaal, compacte uitvoering en eenvoudig te bedienen. De verstelbare toevoer magazijn is eenvoudig op de zak af [&hellip;]<\/p>\n","protected":false},"featured_media":4726,"comment_status":"closed","ping_status":"closed","template":"","meta":[],"product_cat":[],"product_tag":[],"class_list":{"0":"post-4730","1":"product","2":"type-product","3":"status-publish","4":"has-post-thumbnail","7":"first","8":"instock","9":"featured","10":"taxable","11":"shipping-taxable","12":"product-type-simple"},"yoast_head":"<!-- This site is optimized with the Yoast SEO plugin v23.5 - https:\/\/yoast.com\/wordpress\/plugins\/seo\/ -->\n<title>IMH baca feeder 400 - Intropack<\/title>\n<meta name=\"robots\" content=\"index, follow, max-snippet:-1, max-image-preview:large, max-video-preview:-1\" \/>\n<link rel=\"canonical\" href=\"https:\/\/intropack.vwebdev.nl\/product-nl\/4730\/\" \/>\n<meta property=\"og:locale\" content=\"en_US\" \/>\n<meta property=\"og:type\" content=\"article\" \/>\n<meta property=\"og:title\" content=\"IMH baca feeder 400 - Intropack\" \/>\n<meta property=\"og:description\" content=\"IMH baca feeder 400 MERK: IMH CATEGORIE: Zak \/ dozen separeer machine VOEDING: \u00a0230\/ 50Hz AFMETINGEN: \u00a02.200 x 500 x 950 mm\u00a0 (LxBxH) CAPACITEIT: Max. ca. 100 p\/Min. (afhankelijk van de zak) Details: Machine is opgebouwd uit RVS materiaal, compacte uitvoering en eenvoudig te bedienen. De verstelbare toevoer magazijn is eenvoudig op de zak af [&hellip;]\" \/>\n<meta property=\"og:url\" content=\"https:\/\/intropack.vwebdev.nl\/product-nl\/4730\/\" \/>\n<meta property=\"og:site_name\" content=\"Intropack\" \/>\n<meta property=\"article:modified_time\" content=\"2018-12-19T13:42:47+00:00\" \/>\n<meta property=\"og:image\" content=\"https:\/\/intropack.vwebdev.nl\/wp-content\/uploads\/2018\/12\/klein-Bacafeeder-printer-scaled.jpg\" \/>\n\t<meta property=\"og:image:width\" content=\"2560\" \/>\n\t<meta property=\"og:image:height\" content=\"1707\" \/>\n\t<meta property=\"og:image:type\" content=\"image\/jpeg\" \/>\n<meta name=\"twitter:card\" content=\"summary_large_image\" \/>\n<meta name=\"twitter:label1\" content=\"Est. reading time\" \/>\n\t<meta name=\"twitter:data1\" content=\"1 minute\" \/>\n<script type=\"application\/ld+json\" class=\"yoast-schema-graph\">{\"@context\":\"https:\/\/schema.org\",\"@graph\":[{\"@type\":\"WebPage\",\"@id\":\"https:\/\/intropack.vwebdev.nl\/product-nl\/4730\/\",\"url\":\"https:\/\/intropack.vwebdev.nl\/product-nl\/4730\/\",\"name\":\"IMH baca feeder 400 - Intropack\",\"isPartOf\":{\"@id\":\"https:\/\/intropack.vwebdev.nl\/#website\"},\"primaryImageOfPage\":{\"@id\":\"https:\/\/intropack.vwebdev.nl\/product-nl\/4730\/#primaryimage\"},\"image\":{\"@id\":\"https:\/\/intropack.vwebdev.nl\/product-nl\/4730\/#primaryimage\"},\"thumbnailUrl\":\"https:\/\/intropack.vwebdev.nl\/wp-content\/uploads\/2018\/12\/klein-Bacafeeder-printer-scaled.jpg\",\"datePublished\":\"2018-12-19T13:36:03+00:00\",\"dateModified\":\"2018-12-19T13:42:47+00:00\",\"breadcrumb\":{\"@id\":\"https:\/\/intropack.vwebdev.nl\/product-nl\/4730\/#breadcrumb\"},\"inLanguage\":\"en-US\",\"potentialAction\":[{\"@type\":\"ReadAction\",\"target\":[\"https:\/\/intropack.vwebdev.nl\/product-nl\/4730\/\"]}]},{\"@type\":\"ImageObject\",\"inLanguage\":\"en-US\",\"@id\":\"https:\/\/intropack.vwebdev.nl\/product-nl\/4730\/#primaryimage\",\"url\":\"https:\/\/intropack.vwebdev.nl\/wp-content\/uploads\/2018\/12\/klein-Bacafeeder-printer-scaled.jpg\",\"contentUrl\":\"https:\/\/intropack.vwebdev.nl\/wp-content\/uploads\/2018\/12\/klein-Bacafeeder-printer-scaled.jpg\",\"width\":2560,\"height\":1707},{\"@type\":\"BreadcrumbList\",\"@id\":\"https:\/\/intropack.vwebdev.nl\/product-nl\/4730\/#breadcrumb\",\"itemListElement\":[{\"@type\":\"ListItem\",\"position\":1,\"name\":\"Home\",\"item\":\"https:\/\/intropack.vwebdev.nl\/\"},{\"@type\":\"ListItem\",\"position\":2,\"name\":\"Catalogus\",\"item\":\"https:\/\/intropack.vwebdev.nl\/catalogus\/\"},{\"@type\":\"ListItem\",\"position\":3,\"name\":\"IMH baca feeder 400\"}]},{\"@type\":\"WebSite\",\"@id\":\"https:\/\/intropack.vwebdev.nl\/#website\",\"url\":\"https:\/\/intropack.vwebdev.nl\/\",\"name\":\"Intropack\",\"description\":\"\",\"publisher\":{\"@id\":\"https:\/\/intropack.vwebdev.nl\/#organization\"},\"potentialAction\":[{\"@type\":\"SearchAction\",\"target\":{\"@type\":\"EntryPoint\",\"urlTemplate\":\"https:\/\/intropack.vwebdev.nl\/?s={search_term_string}\"},\"query-input\":{\"@type\":\"PropertyValueSpecification\",\"valueRequired\":true,\"valueName\":\"search_term_string\"}}],\"inLanguage\":\"en-US\"},{\"@type\":\"Organization\",\"@id\":\"https:\/\/intropack.vwebdev.nl\/#organization\",\"name\":\"Intropack Machinery Holland\",\"url\":\"https:\/\/intropack.vwebdev.nl\/\",\"logo\":{\"@type\":\"ImageObject\",\"inLanguage\":\"en-US\",\"@id\":\"https:\/\/intropack.vwebdev.nl\/#\/schema\/logo\/image\/\",\"url\":\"http:\/\/intropack.vwebdev.nl\/wp-content\/uploads\/2016\/05\/intropack-muskopak-logo.png\",\"contentUrl\":\"http:\/\/intropack.vwebdev.nl\/wp-content\/uploads\/2016\/05\/intropack-muskopak-logo.png\",\"width\":256,\"height\":180,\"caption\":\"Intropack Machinery Holland\"},\"image\":{\"@id\":\"https:\/\/intropack.vwebdev.nl\/#\/schema\/logo\/image\/\"}}]}<\/script>\n<!-- \/ Yoast SEO plugin. -->","yoast_head_json":{"title":"IMH baca feeder 400 - Intropack","robots":{"index":"index","follow":"follow","max-snippet":"max-snippet:-1","max-image-preview":"max-image-preview:large","max-video-preview":"max-video-preview:-1"},"canonical":"https:\/\/intropack.vwebdev.nl\/product-nl\/4730\/","og_locale":"en_US","og_type":"article","og_title":"IMH baca feeder 400 - Intropack","og_description":"IMH baca feeder 400 MERK: IMH CATEGORIE: Zak \/ dozen separeer machine VOEDING: \u00a0230\/ 50Hz AFMETINGEN: \u00a02.200 x 500 x 950 mm\u00a0 (LxBxH) CAPACITEIT: Max. ca. 100 p\/Min. (afhankelijk van de zak) Details: Machine is opgebouwd uit RVS materiaal, compacte uitvoering en eenvoudig te bedienen. De verstelbare toevoer magazijn is eenvoudig op de zak af [&hellip;]","og_url":"https:\/\/intropack.vwebdev.nl\/product-nl\/4730\/","og_site_name":"Intropack","article_modified_time":"2018-12-19T13:42:47+00:00","og_image":[{"width":2560,"height":1707,"url":"https:\/\/intropack.vwebdev.nl\/wp-content\/uploads\/2018\/12\/klein-Bacafeeder-printer-scaled.jpg","type":"image\/jpeg"}],"twitter_card":"summary_large_image","twitter_misc":{"Est. reading time":"1 minute"},"schema":{"@context":"https:\/\/schema.org","@graph":[{"@type":"WebPage","@id":"https:\/\/intropack.vwebdev.nl\/product-nl\/4730\/","url":"https:\/\/intropack.vwebdev.nl\/product-nl\/4730\/","name":"IMH baca feeder 400 - Intropack","isPartOf":{"@id":"https:\/\/intropack.vwebdev.nl\/#website"},"primaryImageOfPage":{"@id":"https:\/\/intropack.vwebdev.nl\/product-nl\/4730\/#primaryimage"},"image":{"@id":"https:\/\/intropack.vwebdev.nl\/product-nl\/4730\/#primaryimage"},"thumbnailUrl":"https:\/\/intropack.vwebdev.nl\/wp-content\/uploads\/2018\/12\/klein-Bacafeeder-printer-scaled.jpg","datePublished":"2018-12-19T13:36:03+00:00","dateModified":"2018-12-19T13:42:47+00:00","breadcrumb":{"@id":"https:\/\/intropack.vwebdev.nl\/product-nl\/4730\/#breadcrumb"},"inLanguage":"en-US","potentialAction":[{"@type":"ReadAction","target":["https:\/\/intropack.vwebdev.nl\/product-nl\/4730\/"]}]},{"@type":"ImageObject","inLanguage":"en-US","@id":"https:\/\/intropack.vwebdev.nl\/product-nl\/4730\/#primaryimage","url":"https:\/\/intropack.vwebdev.nl\/wp-content\/uploads\/2018\/12\/klein-Bacafeeder-printer-scaled.jpg","contentUrl":"https:\/\/intropack.vwebdev.nl\/wp-content\/uploads\/2018\/12\/klein-Bacafeeder-printer-scaled.jpg","width":2560,"height":1707},{"@type":"BreadcrumbList","@id":"https:\/\/intropack.vwebdev.nl\/product-nl\/4730\/#breadcrumb","itemListElement":[{"@type":"ListItem","position":1,"name":"Home","item":"https:\/\/intropack.vwebdev.nl\/"},{"@type":"ListItem","position":2,"name":"Catalogus","item":"https:\/\/intropack.vwebdev.nl\/catalogus\/"},{"@type":"ListItem","position":3,"name":"IMH baca feeder 400"}]},{"@type":"WebSite","@id":"https:\/\/intropack.vwebdev.nl\/#website","url":"https:\/\/intropack.vwebdev.nl\/","name":"Intropack","description":"","publisher":{"@id":"https:\/\/intropack.vwebdev.nl\/#organization"},"potentialAction":[{"@type":"SearchAction","target":{"@type":"EntryPoint","urlTemplate":"https:\/\/intropack.vwebdev.nl\/?s={search_term_string}"},"query-input":{"@type":"PropertyValueSpecification","valueRequired":true,"valueName":"search_term_string"}}],"inLanguage":"en-US"},{"@type":"Organization","@id":"https:\/\/intropack.vwebdev.nl\/#organization","name":"Intropack Machinery Holland","url":"https:\/\/intropack.vwebdev.nl\/","logo":{"@type":"ImageObject","inLanguage":"en-US","@id":"https:\/\/intropack.vwebdev.nl\/#\/schema\/logo\/image\/","url":"http:\/\/intropack.vwebdev.nl\/wp-content\/uploads\/2016\/05\/intropack-muskopak-logo.png","contentUrl":"http:\/\/intropack.vwebdev.nl\/wp-content\/uploads\/2016\/05\/intropack-muskopak-logo.png","width":256,"height":180,"caption":"Intropack Machinery Holland"},"image":{"@id":"https:\/\/intropack.vwebdev.nl\/#\/schema\/logo\/image\/"}}]}},"_links":{"self":[{"href":"https:\/\/intropack.vwebdev.nl\/en\/wp-json\/wp\/v2\/product\/4730"}],"collection":[{"href":"https:\/\/intropack.vwebdev.nl\/en\/wp-json\/wp\/v2\/product"}],"about":[{"href":"https:\/\/intropack.vwebdev.nl\/en\/wp-json\/wp\/v2\/types\/product"}],"replies":[{"embeddable":true,"href":"https:\/\/intropack.vwebdev.nl\/en\/wp-json\/wp\/v2\/comments?post=4730"}],"wp:featuredmedia":[{"embeddable":true,"href":"https:\/\/intropack.vwebdev.nl\/en\/wp-json\/wp\/v2\/media\/4726"}],"wp:attachment":[{"href":"https:\/\/intropack.vwebdev.nl\/en\/wp-json\/wp\/v2\/media?parent=4730"}],"wp:term":[{"taxonomy":"product_cat","embeddable":true,"href":"https:\/\/intropack.vwebdev.nl\/en\/wp-json\/wp\/v2\/product_cat?post=4730"},{"taxonomy":"product_tag","embeddable":true,"href":"https:\/\/intropack.vwebdev.nl\/en\/wp-json\/wp\/v2\/product_tag?post=4730"}],"curies":[{"name":"wp","href":"https:\/\/api.w.org\/{rel}","templated":true}]}}